{"id":99,"date":"2026-02-17T17:32:06","date_gmt":"2026-02-17T14:32:06","guid":{"rendered":"https:\/\/balkanlar.org\/?page_id=99"},"modified":"2026-02-17T17:32:06","modified_gmt":"2026-02-17T14:32:06","slug":"gizlilik-politikasi","status":"publish","type":"page","link":"https:\/\/balkanlar.org\/?page_id=99","title":{"rendered":"Gizlilik Politikas\u0131"},"content":{"rendered":"\n<p><strong>\u00dcYEL\u0130K B\u0130LG\u0130LER\u0130N\u0130Z\u0130N G\u0130ZL\u0130L\u0130\u011e\u0130 VE G\u00dcVENL\u0130\u011e\u0130<\/strong><\/p>\n\n\n\n<p>Sitemize \u00fcye olmak i\u00e7in girmi\u015f oldu\u011funuz t\u00fcm bilgiler, firmam\u0131z taraf\u0131ndan 3.  parti firma veya ki\u015filerle payla\u015f\u0131lmayacakt\u0131r. \u00dcye olurken verdi\u011finiz t\u00fcm bilgilere sadece siz ula\u015fabilir ve siz de\u011fi\u015ftirebilirsiniz. \u00dcye giri\u015f bilgilerinizi g\u00fcvenli korudu\u011funuz takdirde ba\u015fkalar\u0131n\u0131n sizinle ilgili bilgilere ula\u015fmas\u0131 ve bunlar\u0131 de\u011fi\u015ftirmesi m\u00fcmk\u00fcn de\u011fildir.<\/p>\n\n\n\n<p><strong>KRED\u0130 KARTI G\u00dcVENL\u0130\u011e\u0130<\/strong><\/p>\n\n\n\n<p>Firmam\u0131z, al\u0131\u015fveri\u015f sitelerimizden al\u0131\u015fveri\u015f yapan kredi kart\u0131 sahiplerinin g\u00fcvenli\u011fini ilk planda tutmaktad\u0131r. Kredi kart\u0131 bilgileriniz hi\u00e7bir \u015fekilde&nbsp;sistemimizde saklanmamaktad\u0131r.<\/p>\n\n\n\n<p>\u0130\u015flemler s\u00fcrecine girdi\u011finizde g\u00fcvenli bir sitede oldu\u011funuzu anlamak i\u00e7in dikkat etmeniz gereken iki \u015fey vard\u0131r. Bunlardan biri taray\u0131c\u0131n\u0131z\u0131n adres \u00e7ubu\u011funda bir anahtar ya da kilit simgesidir. Bu g\u00fcvenli bir internet sayfas\u0131nda oldu\u011funuzu g\u00f6sterir ve her t\u00fcrl\u00fc bilgileriniz \u015fifrelenerek korunur. Bu bilgiler, ancak sat\u0131\u015f i\u015flemleri s\u00fcrecine ba\u011fl\u0131 olarak ve verdi\u011finiz talimat istikametinde kullan\u0131l\u0131r. Al\u0131\u015fveri\u015f s\u0131ras\u0131nda kullan\u0131lan kredi kart\u0131 ile ilgili bilgiler al\u0131\u015fveri\u015f sitelerimizden ba\u011f\u0131ms\u0131z olarak 256 bit SSL (Secure Sockets Layer) protokol\u00fc ile \u015fifrelenip sorgulanmak \u00fczere ilgili bankaya ula\u015ft\u0131r\u0131l\u0131r. Kart\u0131n kullan\u0131labilirli\u011fi onayland\u0131\u011f\u0131 takdirde al\u0131\u015fveri\u015fe devam edilir. Kartla ilgili hi\u00e7bir bilgi taraf\u0131m\u0131zdan g\u00f6r\u00fcnt\u00fclenemedi\u011finden ve kaydedilmedi\u011finden, \u00fc\u00e7\u00fcnc\u00fc \u015fah\u0131slar\u0131n herhangi bir ko\u015fulda bu bilgileri ele ge\u00e7irmesi engellenmi\u015f olur.<\/p>\n\n\n\n<p>Online olarak kredi kart\u0131 ile verilen sipari\u015flerin \u00f6deme\/fatura\/teslimat adresi bilgilerinin g\u00fcvenilirli\u011fi firmam\u0131z taraf\u0131ndan Kredi Kartlar\u0131 Sahtekarl\u0131\u011f\u0131\u2019na kar\u015f\u0131 denetlenmektedir. Bu y\u00fczden, al\u0131\u015fveri\u015f sitelerimizden ilk defa sipari\u015f veren m\u00fc\u015fterilerin sipari\u015flerinin tedarik ve teslimat a\u015famas\u0131na gelebilmesi i\u00e7in \u00f6ncelikle finansal ve adres\/telefon bilgilerinin do\u011frulu\u011funun onaylanmas\u0131 gereklidir. Bu bilgilerin kontrol\u00fc i\u00e7in gerekirse kredi kart\u0131 sahibi m\u00fc\u015fteri ile veya ilgili banka ile irtibata ge\u00e7ilmektedir.<\/p>\n\n\n\n<p>Bilgi hatt\u0131 veya m\u00fc\u015fteri hizmetleri servisi bulunan ve a\u00e7\u0131k adres ve telefon bilgilerinin belirtildi\u011fi \u0130nternet al\u0131\u015fveri\u015f siteleri g\u00fcn\u00fcm\u00fczde daha fazla tercih edilmektedir. Bu sayede akl\u0131n\u0131za tak\u0131lan b\u00fct\u00fcn konular hakk\u0131nda detayl\u0131 bilgi alabilir, online al\u0131\u015fveri\u015f hizmeti sa\u011flayan firman\u0131n g\u00fcvenirli\u011fi konusunda daha sa\u011fl\u0131kl\u0131 bilgi edinebilirsiniz.<\/p>\n\n\n\n<p>Not: \u0130nternet al\u0131\u015fveri\u015f sitelerinde firman\u0131n a\u00e7\u0131k adresinin ve telefonun yer almas\u0131na dikkat edilmesini tavsiye ediyoruz. Al\u0131\u015fveri\u015f yapacaksan\u0131z al\u0131\u015fveri\u015finizi yapmadan \u00fcr\u00fcn\u00fc ald\u0131\u011f\u0131n\u0131z ma\u011fazan\u0131n b\u00fct\u00fcn telefon \/ adres bilgilerini not edin. E\u011fer g\u00fcvenmiyorsan\u0131z al\u0131\u015fveri\u015ften \u00f6nce telefon ederek teyit edin. Firmam\u0131za ait t\u00fcm online al\u0131\u015fveri\u015f sitelerimizde bize ait t\u00fcm bilgiler ve firma yerini belirten kroki a\u00e7\u0131k olarak belirtilmi\u015ftir.<\/p>\n\n\n\n<p><strong>MA\u0130L ORDER KRED\u0130 KART B\u0130LG\u0130LER\u0130 G\u00dcVENL\u0130\u011e\u0130<\/strong><\/p>\n\n\n\n<p>Kredi kart\u0131 mail-order y\u00f6ntemi ile bize g\u00f6nderece\u011finiz kimlik ve kredi kart bilgileriniz firmam\u0131z taraf\u0131ndan gizlilik prensibine g\u00f6re saklanacakt\u0131r. Bu bilgiler olas\u0131 banka ile olu\u015fubilecek kredi kart\u0131ndan para \u00e7ekim itirazlar\u0131na kar\u015f\u0131 60 g\u00fcn s\u00fcre ile bekletilip daha sonras\u0131nda imha edilmektedir. Sipari\u015f etti\u011finiz \u00fcr\u00fcnlerin bedeli kar\u015f\u0131l\u0131\u011f\u0131nda bize g\u00f6nderece\u011finiz taraf\u0131n\u0131zdan onayl\u0131 mail-order formu bedeli d\u0131\u015f\u0131nda herhangi bir bedelin kart\u0131n\u0131zdan \u00e7ekilmesi halinde do\u011fal olarak bankaya itiraz edebilir ve bu tutar\u0131n \u00f6denmesini engelleyebilece\u011finiz i\u00e7in bir risk olu\u015fturmamaktad\u0131r.<\/p>\n\n\n\n<p><strong>E-POSTA G\u00dcVENL\u0130\u011e\u0130<\/strong><\/p>\n\n\n\n<p>Sitemiz M\u00fc\u015fteri Hizmetleri\u2019ne, herhangi bir sipari\u015finizle ilgili olarak g\u00f6nderece\u011finiz e-postalarda, asla kredi kart\u0131 numaran\u0131z\u0131 veya \u015fifrelerinizi yazmay\u0131n\u0131z. E-postalarda yer alan bilgiler \u00fc\u00e7\u00fcnc\u00fc \u015fah\u0131slar taraf\u0131ndan g\u00f6r\u00fclebilir. Firmam\u0131z e-postalar\u0131n\u0131zdan aktar\u0131lan bilgilerin g\u00fcvenli\u011fini hi\u00e7bir ko\u015fulda garanti edemez.<\/p>\n","protected":false},"excerpt":{"rendered":"<p>\u00dcYEL\u0130K B\u0130LG\u0130LER\u0130N\u0130Z\u0130N G\u0130ZL\u0130L\u0130\u011e\u0130 VE G\u00dcVENL\u0130\u011e\u0130 Sitemize \u00fcye olmak i\u00e7in girmi\u015f oldu\u011funuz t\u00fcm bilgiler, firmam\u0131z taraf\u0131ndan 3. parti firma veya ki\u015filerle payla\u015f\u0131lmayacakt\u0131r. \u00dcye olurken verdi\u011finiz t\u00fcm bilgilere sadece siz ula\u015fabilir ve siz de\u011fi\u015ftirebilirsiniz. \u00dcye giri\u015f bilgilerinizi g\u00fcvenli korudu\u011funuz takdirde ba\u015fkalar\u0131n\u0131n sizinle ilgili bilgilere ula\u015fmas\u0131 ve bunlar\u0131 de\u011fi\u015ftirmesi m\u00fcmk\u00fcn de\u011fildir. KRED\u0130 KARTI G\u00dcVENL\u0130\u011e\u0130 Firmam\u0131z, al\u0131\u015fveri\u015f sitelerimizden al\u0131\u015fveri\u015f [&hellip;]<\/p>\n","protected":false},"author":2,"featured_media":0,"parent":0,"menu_order":0,"comment_status":"closed","ping_status":"closed","template":"","meta":{"footnotes":""},"class_list":["post-99","page","type-page","status-publish","hentry"],"_links":{"self":[{"href":"https:\/\/balkanlar.org\/index.php?rest_route=\/wp\/v2\/pages\/99","targetHints":{"allow":["GET"]}}],"collection":[{"href":"https:\/\/balkanlar.org\/index.php?rest_route=\/wp\/v2\/pages"}],"about":[{"href":"https:\/\/balkanlar.org\/index.php?rest_route=\/wp\/v2\/types\/page"}],"author":[{"embeddable":true,"href":"https:\/\/balkanlar.org\/index.php?rest_route=\/wp\/v2\/users\/2"}],"replies":[{"embeddable":true,"href":"https:\/\/balkanlar.org\/index.php?rest_route=%2Fwp%2Fv2%2Fcomments&post=99"}],"version-history":[{"count":1,"href":"https:\/\/balkanlar.org\/index.php?rest_route=\/wp\/v2\/pages\/99\/revisions"}],"predecessor-version":[{"id":100,"href":"https:\/\/balkanlar.org\/index.php?rest_route=\/wp\/v2\/pages\/99\/revisions\/100"}],"wp:attachment":[{"href":"https:\/\/balkanlar.org\/index.php?rest_route=%2Fwp%2Fv2%2Fmedia&parent=99"}],"curies":[{"name":"wp","href":"https:\/\/api.w.org\/{rel}","templated":true}]}}